{"id":70,"date":"2023-04-03T11:25:21","date_gmt":"2023-04-03T09:25:21","guid":{"rendered":"https:\/\/www.eosearchsummit.de\/?page_id=70"},"modified":"2025-10-06T10:10:23","modified_gmt":"2025-10-06T08:10:23","slug":"impressum","status":"publish","type":"page","link":"https:\/\/eovent.eology.de\/eosearchsummit\/impressum","title":{"rendered":"Impressum"},"content":{"rendered":"<section class=\"container content gb-block wp-block-heading fade-in\">\n<h2 class=\"wp-block-heading\" id=\"h-anschrift\">Anschrift<\/h2>\n<\/section>\n\n<section class=\"container content gb-block wp-block-paragraph fade-in\">\n<p class=\"hyphenate\" lang=\"de\"><strong>eology GmbH<\/strong><br \/>Spitalstra\u00dfe 23<br \/>97332 Volkach<br \/><strong>Tel.<\/strong>:&nbsp;<a href=\"tel:+49 9381 5829000\">+49 9381 5829000<\/a><br \/><strong>Fax<\/strong>: +49 9381 5829019<br \/><strong>Email<\/strong>:&nbsp;<a href=\"mailto:i&#110;&#102;&#111;&#64;eo&#108;&#111;gy&#46;&#100;e\">inf&#111;&#64;&#101;&#111;l&#111;&#103;y.de<\/a><\/p>\n<\/section>\n\n<section class=\"container content gb-block wp-block-heading fade-in\">\n<h2 class=\"wp-block-heading\" id=\"h-auskunft-uber-die-gesellschaft\">Auskunft \u00fcber die Gesellschaft<\/h2>\n<\/section>\n\n<section class=\"container content gb-block wp-block-paragraph fade-in\">\n<p class=\"hyphenate\" lang=\"de\">Registergericht: Amtsgericht W\u00fcrzburg<br \/>HRB-Nr: 10610<br \/>UST-Nr: 257\/125\/70116<br \/>USD-ID: DE-270186142<\/p>\n<\/section>\n\n<section class=\"container content gb-block wp-block-heading fade-in\">\n<h2 class=\"wp-block-heading\" id=\"h-geschaftsfuhrer\">Gesch\u00e4ftsf\u00fchrer<\/h2>\n<\/section>\n\n<section class=\"container content gb-block wp-block-paragraph fade-in\">\n<p class=\"hyphenate\" lang=\"de\">Daniel Unger<br \/>Axel Scheuering<\/p>\n<\/section>\n\n<section class=\"container content gb-block wp-block-heading fade-in\">\n<h2 class=\"wp-block-heading\" id=\"h-verantwortlich-fur-den-inhalt-nach-55-abs-2-rstv\">Verantwortlich f\u00fcr den Inhalt nach \u00a7 55 Abs. 2 RStV<\/h2>\n<\/section>\n\n<section class=\"container content gb-block wp-block-paragraph fade-in\">\n<p class=\"hyphenate\" lang=\"de\">Vera Krisch<\/p>\n<\/section>\n\n<section class=\"container content gb-block wp-block-heading fade-in\">\n<h2 class=\"wp-block-heading\" id=\"h-haftung\">Haftung<\/h2>\n<\/section>\n\n<section class=\"container content gb-block wp-block-paragraph fade-in\">\n<p class=\"hyphenate\" lang=\"de\">Als Diensteanbieter sind wir gem\u00e4\u00df \u00a7 7 Abs.1 TMG f\u00fcr eigene Inhalte auf diesen Seiten nach den allgemeinen Gesetzen verantwortlich. Nach \u00a7\u00a7 8 bis 10 TMG sind wir als Diensteanbieter jedoch nicht verpflichtet, \u00fcbermittelte oder gespeicherte fremde Informationen zu \u00fcberwachen oder nach Umst\u00e4nden zu forschen, die auf eine rechtswidrige T\u00e4tigkeit hinweisen. F\u00fcr die Richtigkeit, Vollst\u00e4ndigkeit und Aktualit\u00e4t der Inhalte, wiedergegebener Daten, Fakten usw. k\u00f6nnen wir trotz gr\u00f6\u00dfter Sorgfalt bei der Erstellung der Seiten keine Gew\u00e4hr \u00fcbernehmen. Wir haften dar\u00fcber hinaus nicht f\u00fcr Inhalte von Seiten auf die wir keinerlei Einfluss haben. Wir sind nicht verpflichtet, fremde Informationen zu \u00fcberwachen oder nach Umst\u00e4nden zu forschen, die auf eine rechtswidrige T\u00e4tigkeit hinweisen. Verpflichtungen zur Entfernung oder Sperrung der Nutzung von Informationen nach den allgemeinen Gesetzen bleiben hiervon unber\u00fchrt. Eine diesbez\u00fcgliche Haftung ist jedoch erst ab dem Zeitpunkt der Kenntnis einer konkreten Rechtsverletzung m\u00f6glich. Bei Bekanntwerden von entsprechenden Rechtsverletzungen werden Inhalte, auf die Einflussnahmem\u00f6glichkeiten bestehen, unverz\u00fcglich entfernt. Soweit Links zu Webseiten anderer Anbieter vorhanden sind, haben wir auf deren Inhalte keinen Einfluss. Aus diesem Grunde kann f\u00fcr diese (fremden) Inhalte auch keine Gew\u00e4hr und Haftung \u00fcbernommen werden. F\u00fcr die Inhalte der verlinkten Seiten ist stets der jeweilige Anbieter oder Betreiber der Seiten verantwortlich. Die verlinkten Seiten wurden zum Zeitpunkt der Verlinkung auf m\u00f6gliche Rechtsverst\u00f6\u00dfe und erkennbare Rechtsverletzungen gepr\u00fcft. Rechtswidrige Inhalte waren zum Zeitpunkt der Verlinkung nicht erkennbar. Eine permanente inhaltliche Kontrolle der verlinkten Seiten ist jedoch ohne konkrete Anhaltspunkte einer Rechtsverletzung nicht zumutbar. Bei Bekanntwerden von Rechtsverletzungen werden derartige Links umgehend entfernt.<\/p>\n<\/section>\n\n<section class=\"container content gb-block wp-block-heading fade-in\">\n<h2 class=\"wp-block-heading\" id=\"h-copyright\">Copyright<\/h2>\n<\/section>\n\n<section class=\"container content gb-block wp-block-paragraph fade-in\">\n<p class=\"hyphenate\" lang=\"de\">Die Betreiber der Seiten sind bem\u00fcht, stets die Urheberrechte anderer zu beachten bzw. auf selbst erstellte sowie lizenzfreie Werke zur\u00fcckzugreifen. Die durch die Seitenbetreiber erstellten Inhalte und Werke auf diesen Seiten unterliegen dem deutschen Urheberrecht. Beitr\u00e4ge Dritter sind als solche gekennzeichnet. Die Vervielf\u00e4ltigung, Bearbeitung, Verbreitung und jede Art der Verwertung au\u00dferhalb der Grenzen des Urheberrechtes bed\u00fcrfen der schriftlichen Zustimmung des jeweiligen Autors bzw. Erstellers. Downloads und Kopien dieser Seite sind nur f\u00fcr den privaten, nicht f\u00fcr den kommerziellen Gebrauch gestattet. Soweit auf unseren Seiten personenbezogene Daten (beispielsweise Name, Anschrift oder eMail-Adressen) erhoben werden, erfolgt dies soweit m\u00f6glich stets auf freiwilliger Basis. Die Nutzung der Angebote und Dienste ist, soweit m\u00f6glich, stets ohne Angabe personenbezogener Daten m\u00f6glich. Der Nutzung von im Rahmen der Impressumspflicht ver\u00f6ffentlichten Kontaktdaten durch Dritte zur \u00dcbersendung von nicht ausdr\u00fccklich angeforderter Werbung und Informationsmaterialien wird hiermit ausdr\u00fccklich widersprochen. Die Betreiber der Seiten behalten sich ausdr\u00fccklich rechtliche Schritte im Falle der unverlangten Zusendung von Werbeinformationen, etwa durch Spam-Mails, vor.<\/p>\n<\/section>\n\n<section class=\"container content gb-block wp-block-spacer fade-in\">\n<div style=\"height:44px\" aria-hidden=\"true\" class=\"wp-block-spacer\"><\/div>\n<\/section>","protected":false},"excerpt":{"rendered":"<p class=\"hyphenate\" lang=\"de\">Anschrift eology GmbHSpitalstra\u00dfe 2397332 VolkachTel.:&nbsp;+49 9381 5829000Fax: +49 9381 5829019Email:&nbsp;i&#110;&#102;o&#64;eo&#108;&#111;g&#121;&#46;&#100;e Auskunft \u00fcber die Gesellschaft Registergericht: Amtsgericht W\u00fcrzburgHRB-Nr: 10610UST-Nr: 257\/125\/70116USD-ID: DE-270186142 Gesch\u00e4ftsf\u00fchrer Daniel UngerAxel Scheuering Verantwortlich f\u00fcr den Inhalt nach \u00a7 55 Abs. 2 RStV Vera Krisch Haftung Als Diensteanbieter sind wir gem\u00e4\u00df \u00a7 7 Abs.1 TMG f\u00fcr eigene Inhalte auf diesen Seiten nach den allgemeinen&nbsp;...&nbsp;<a href=\"https:\/\/eovent.eology.de\/eosearchsummit\/impressum\" class=\"more-link\">Weiterlesen<\/a><\/p>","protected":false},"author":3,"featured_media":137,"parent":0,"menu_order":201,"comment_status":"closed","ping_status":"closed","template":"","meta":{"_acf_changed":false,"footnotes":""},"class_list":["post-70","page","type-page","status-publish","has-post-thumbnail","hentry"],"acf":[],"yoast_head":"<!-- This site is optimized with the Yoast SEO Premium plugin v27.3 (Yoast SEO v27.3) - https:\/\/yoast.com\/product\/yoast-seo-premium-wordpress\/ -->\n<title>Impressum - Online Marketing Konferenz<\/title>\n<meta name=\"robots\" content=\"index, follow, max-snippet:-1, max-image-preview:large, max-video-preview:-1\" \/>\n<link rel=\"canonical\" href=\"https:\/\/eovent.eology.de\/eosearchsummit\/impressum\" \/>\n<meta property=\"og:locale\" content=\"de_DE\" \/>\n<meta property=\"og:type\" content=\"article\" \/>\n<meta property=\"og:title\" content=\"Impressum\" \/>\n<meta property=\"og:description\" content=\"Anschrift eology GmbHSpitalstra\u00dfe 2397332 VolkachTel.:&nbsp;+49 9381 5829000Fax: +49 9381 5829019Email:&nbsp;in&#102;&#111;&#064;e&#111;&#108;og&#121;&#046;&#100;e Auskunft \u00fcber die Gesellschaft Registergericht: Amtsgericht W\u00fcrzburgHRB-Nr: 10610UST-Nr: 257\/125\/70116USD-ID: DE-270186142 Gesch\u00e4ftsf\u00fchrer Daniel UngerAxel Scheuering Verantwortlich f\u00fcr den Inhalt nach \u00a7 55 Abs. 2 RStV Vera Krisch Haftung Als Diensteanbieter sind wir gem\u00e4\u00df \u00a7 7 Abs.1 TMG f\u00fcr eigene Inhalte auf diesen Seiten nach den allgemeinen\" \/>\n<meta property=\"og:url\" content=\"https:\/\/eovent.eology.de\/eosearchsummit\/impressum\" \/>\n<meta property=\"og:site_name\" content=\"Online Marketing Konferenz\" \/>\n<meta property=\"article:publisher\" content=\"https:\/\/www.facebook.com\/eology\" \/>\n<meta property=\"article:modified_time\" content=\"2025-10-06T08:10:23+00:00\" \/>\n<meta property=\"og:image\" content=\"https:\/\/eovent.eology.de\/eosearchsummit\/wp-content\/uploads\/sites\/3\/2023\/04\/Titelbild1.jpg\" \/>\n\t<meta property=\"og:image:width\" content=\"1024\" \/>\n\t<meta property=\"og:image:height\" content=\"576\" \/>\n\t<meta property=\"og:image:type\" content=\"image\/jpeg\" \/>\n<meta name=\"twitter:card\" content=\"summary_large_image\" \/>\n<meta name=\"twitter:label1\" content=\"Gesch\u00e4tzte Lesezeit\" \/>\n\t<meta name=\"twitter:data1\" content=\"3\u00a0Minuten\" \/>\n<script type=\"application\/ld+json\" class=\"yoast-schema-graph\">{\"@context\":\"https:\\\/\\\/schema.org\",\"@graph\":[{\"@type\":\"WebPage\",\"@id\":\"https:\\\/\\\/eovent.eology.de\\\/eosearchsummit\\\/impressum\",\"url\":\"https:\\\/\\\/eovent.eology.de\\\/eosearchsummit\\\/impressum\",\"name\":\"Impressum - Online Marketing Konferenz\",\"isPartOf\":{\"@id\":\"https:\\\/\\\/eovent.eology.de\\\/eosearchsummit\\\/#website\"},\"primaryImageOfPage\":{\"@id\":\"https:\\\/\\\/eovent.eology.de\\\/eosearchsummit\\\/impressum#primaryimage\"},\"image\":{\"@id\":\"https:\\\/\\\/eovent.eology.de\\\/eosearchsummit\\\/impressum#primaryimage\"},\"thumbnailUrl\":\"https:\\\/\\\/eovent.eology.de\\\/eosearchsummit\\\/wp-content\\\/uploads\\\/sites\\\/3\\\/2023\\\/04\\\/Titelbild1.jpg\",\"datePublished\":\"2023-04-03T09:25:21+00:00\",\"dateModified\":\"2025-10-06T08:10:23+00:00\",\"breadcrumb\":{\"@id\":\"https:\\\/\\\/eovent.eology.de\\\/eosearchsummit\\\/impressum#breadcrumb\"},\"inLanguage\":\"de\",\"potentialAction\":[{\"@type\":\"ReadAction\",\"target\":[\"https:\\\/\\\/eovent.eology.de\\\/eosearchsummit\\\/impressum\"]}]},{\"@type\":\"ImageObject\",\"inLanguage\":\"de\",\"@id\":\"https:\\\/\\\/eovent.eology.de\\\/eosearchsummit\\\/impressum#primaryimage\",\"url\":\"https:\\\/\\\/eovent.eology.de\\\/eosearchsummit\\\/wp-content\\\/uploads\\\/sites\\\/3\\\/2023\\\/04\\\/Titelbild1.jpg\",\"contentUrl\":\"https:\\\/\\\/eovent.eology.de\\\/eosearchsummit\\\/wp-content\\\/uploads\\\/sites\\\/3\\\/2023\\\/04\\\/Titelbild1.jpg\",\"width\":1920,\"height\":1080},{\"@type\":\"BreadcrumbList\",\"@id\":\"https:\\\/\\\/eovent.eology.de\\\/eosearchsummit\\\/impressum#breadcrumb\",\"itemListElement\":[{\"@type\":\"ListItem\",\"position\":1,\"name\":\"Startseite\",\"item\":\"https:\\\/\\\/eovent.eology.de\\\/eosearchsummit\\\/\"},{\"@type\":\"ListItem\",\"position\":2,\"name\":\"Impressum\"}]},{\"@type\":\"WebSite\",\"@id\":\"https:\\\/\\\/eovent.eology.de\\\/eosearchsummit\\\/#website\",\"url\":\"https:\\\/\\\/eovent.eology.de\\\/eosearchsummit\\\/\",\"name\":\"Online Marketing Konferenz\",\"description\":\"\",\"publisher\":{\"@id\":\"https:\\\/\\\/eovent.eology.de\\\/eosearchsummit\\\/#organization\"},\"potentialAction\":[{\"@type\":\"SearchAction\",\"target\":{\"@type\":\"EntryPoint\",\"urlTemplate\":\"https:\\\/\\\/eovent.eology.de\\\/eosearchsummit\\\/?s={search_term_string}\"},\"query-input\":{\"@type\":\"PropertyValueSpecification\",\"valueRequired\":true,\"valueName\":\"search_term_string\"}}],\"inLanguage\":\"de\"},{\"@type\":\"Organization\",\"@id\":\"https:\\\/\\\/eovent.eology.de\\\/eosearchsummit\\\/#organization\",\"name\":\"eosearchsummit\",\"url\":\"https:\\\/\\\/eovent.eology.de\\\/eosearchsummit\\\/\",\"logo\":{\"@type\":\"ImageObject\",\"inLanguage\":\"de\",\"@id\":\"https:\\\/\\\/eovent.eology.de\\\/eosearchsummit\\\/#\\\/schema\\\/logo\\\/image\\\/\",\"url\":\"https:\\\/\\\/www.eosearchsummit.de\\\/wp-content\\\/uploads\\\/sites\\\/3\\\/2023\\\/09\\\/eosearchsummit-logo_auf-weiss_208x78.svg\",\"contentUrl\":\"https:\\\/\\\/www.eosearchsummit.de\\\/wp-content\\\/uploads\\\/sites\\\/3\\\/2023\\\/09\\\/eosearchsummit-logo_auf-weiss_208x78.svg\",\"width\":1,\"height\":1,\"caption\":\"eosearchsummit\"},\"image\":{\"@id\":\"https:\\\/\\\/eovent.eology.de\\\/eosearchsummit\\\/#\\\/schema\\\/logo\\\/image\\\/\"},\"sameAs\":[\"https:\\\/\\\/www.facebook.com\\\/eology\",\"https:\\\/\\\/www.instagram.com\\\/eology_gmbh\"]}]}<\/script>\n<!-- \/ Yoast SEO Premium plugin. -->","yoast_head_json":{"title":"Impressum - Online Marketing Konferenz","robots":{"index":"index","follow":"follow","max-snippet":"max-snippet:-1","max-image-preview":"max-image-preview:large","max-video-preview":"max-video-preview:-1"},"canonical":"https:\/\/eovent.eology.de\/eosearchsummit\/impressum","og_locale":"de_DE","og_type":"article","og_title":"Impressum","og_description":"Anschrift eology GmbHSpitalstra\u00dfe 2397332 VolkachTel.:&nbsp;+49 9381 5829000Fax: +49 9381 5829019Email:&nbsp;in&#102;&#111;&#64;e&#111;&#108;og&#121;&#46;&#100;e Auskunft \u00fcber die Gesellschaft Registergericht: Amtsgericht W\u00fcrzburgHRB-Nr: 10610UST-Nr: 257\/125\/70116USD-ID: DE-270186142 Gesch\u00e4ftsf\u00fchrer Daniel UngerAxel Scheuering Verantwortlich f\u00fcr den Inhalt nach \u00a7 55 Abs. 2 RStV Vera Krisch Haftung Als Diensteanbieter sind wir gem\u00e4\u00df \u00a7 7 Abs.1 TMG f\u00fcr eigene Inhalte auf diesen Seiten nach den allgemeinen","og_url":"https:\/\/eovent.eology.de\/eosearchsummit\/impressum","og_site_name":"Online Marketing Konferenz","article_publisher":"https:\/\/www.facebook.com\/eology","article_modified_time":"2025-10-06T08:10:23+00:00","og_image":[{"url":"https:\/\/eovent.eology.de\/eosearchsummit\/wp-content\/uploads\/sites\/3\/2023\/04\/Titelbild1.jpg","width":1024,"height":576,"type":"image\/jpeg"}],"twitter_card":"summary_large_image","twitter_misc":{"Gesch\u00e4tzte Lesezeit":"3\u00a0Minuten"},"schema":{"@context":"https:\/\/schema.org","@graph":[{"@type":"WebPage","@id":"https:\/\/eovent.eology.de\/eosearchsummit\/impressum","url":"https:\/\/eovent.eology.de\/eosearchsummit\/impressum","name":"Impressum - Online Marketing Konferenz","isPartOf":{"@id":"https:\/\/eovent.eology.de\/eosearchsummit\/#website"},"primaryImageOfPage":{"@id":"https:\/\/eovent.eology.de\/eosearchsummit\/impressum#primaryimage"},"image":{"@id":"https:\/\/eovent.eology.de\/eosearchsummit\/impressum#primaryimage"},"thumbnailUrl":"https:\/\/eovent.eology.de\/eosearchsummit\/wp-content\/uploads\/sites\/3\/2023\/04\/Titelbild1.jpg","datePublished":"2023-04-03T09:25:21+00:00","dateModified":"2025-10-06T08:10:23+00:00","breadcrumb":{"@id":"https:\/\/eovent.eology.de\/eosearchsummit\/impressum#breadcrumb"},"inLanguage":"de","potentialAction":[{"@type":"ReadAction","target":["https:\/\/eovent.eology.de\/eosearchsummit\/impressum"]}]},{"@type":"ImageObject","inLanguage":"de","@id":"https:\/\/eovent.eology.de\/eosearchsummit\/impressum#primaryimage","url":"https:\/\/eovent.eology.de\/eosearchsummit\/wp-content\/uploads\/sites\/3\/2023\/04\/Titelbild1.jpg","contentUrl":"https:\/\/eovent.eology.de\/eosearchsummit\/wp-content\/uploads\/sites\/3\/2023\/04\/Titelbild1.jpg","width":1920,"height":1080},{"@type":"BreadcrumbList","@id":"https:\/\/eovent.eology.de\/eosearchsummit\/impressum#breadcrumb","itemListElement":[{"@type":"ListItem","position":1,"name":"Startseite","item":"https:\/\/eovent.eology.de\/eosearchsummit\/"},{"@type":"ListItem","position":2,"name":"Impressum"}]},{"@type":"WebSite","@id":"https:\/\/eovent.eology.de\/eosearchsummit\/#website","url":"https:\/\/eovent.eology.de\/eosearchsummit\/","name":"Online Marketing Konferenz","description":"","publisher":{"@id":"https:\/\/eovent.eology.de\/eosearchsummit\/#organization"},"potentialAction":[{"@type":"SearchAction","target":{"@type":"EntryPoint","urlTemplate":"https:\/\/eovent.eology.de\/eosearchsummit\/?s={search_term_string}"},"query-input":{"@type":"PropertyValueSpecification","valueRequired":true,"valueName":"search_term_string"}}],"inLanguage":"de"},{"@type":"Organization","@id":"https:\/\/eovent.eology.de\/eosearchsummit\/#organization","name":"eosearchsummit","url":"https:\/\/eovent.eology.de\/eosearchsummit\/","logo":{"@type":"ImageObject","inLanguage":"de","@id":"https:\/\/eovent.eology.de\/eosearchsummit\/#\/schema\/logo\/image\/","url":"https:\/\/www.eosearchsummit.de\/wp-content\/uploads\/sites\/3\/2023\/09\/eosearchsummit-logo_auf-weiss_208x78.svg","contentUrl":"https:\/\/www.eosearchsummit.de\/wp-content\/uploads\/sites\/3\/2023\/09\/eosearchsummit-logo_auf-weiss_208x78.svg","width":1,"height":1,"caption":"eosearchsummit"},"image":{"@id":"https:\/\/eovent.eology.de\/eosearchsummit\/#\/schema\/logo\/image\/"},"sameAs":["https:\/\/www.facebook.com\/eology","https:\/\/www.instagram.com\/eology_gmbh"]}]}},"_links":{"self":[{"href":"https:\/\/eovent.eology.de\/eosearchsummit\/wp-json\/wp\/v2\/pages\/70","targetHints":{"allow":["GET"]}}],"collection":[{"href":"https:\/\/eovent.eology.de\/eosearchsummit\/wp-json\/wp\/v2\/pages"}],"about":[{"href":"https:\/\/eovent.eology.de\/eosearchsummit\/wp-json\/wp\/v2\/types\/page"}],"author":[{"embeddable":true,"href":"https:\/\/eovent.eology.de\/eosearchsummit\/wp-json\/wp\/v2\/users\/3"}],"replies":[{"embeddable":true,"href":"https:\/\/eovent.eology.de\/eosearchsummit\/wp-json\/wp\/v2\/comments?post=70"}],"version-history":[{"count":3,"href":"https:\/\/eovent.eology.de\/eosearchsummit\/wp-json\/wp\/v2\/pages\/70\/revisions"}],"predecessor-version":[{"id":1536,"href":"https:\/\/eovent.eology.de\/eosearchsummit\/wp-json\/wp\/v2\/pages\/70\/revisions\/1536"}],"wp:featuredmedia":[{"embeddable":true,"href":"https:\/\/eovent.eology.de\/eosearchsummit\/wp-json\/wp\/v2\/media\/137"}],"wp:attachment":[{"href":"https:\/\/eovent.eology.de\/eosearchsummit\/wp-json\/wp\/v2\/media?parent=70"}],"curies":[{"name":"wp","href":"https:\/\/api.w.org\/{rel}","templated":true}]}}