{"id":68,"date":"2023-04-03T11:24:55","date_gmt":"2023-04-03T09:24:55","guid":{"rendered":"https:\/\/www.eosearchsummit.de\/?page_id=68"},"modified":"2024-11-18T10:54:48","modified_gmt":"2024-11-18T09:54:48","slug":"tickets","status":"publish","type":"page","link":"https:\/\/eovent.eology.de\/eosearchsummit\/tickets","title":{"rendered":"Tickets"},"content":{"rendered":"<section class=\"container content gb-block wp-block-paragraph fade-in\">\n<p class=\"hyphenate\" lang=\"de\">Der eoSearchSummit garantiert Dir ein\u00a0<strong>exklusives<\/strong>\u00a0<strong>Programm<\/strong>\u00a0voll geballtem\u00a0<strong>Marketingwissen<\/strong>\u00a0mit\u00a0<strong>TOP-Speakern<\/strong>\u00a0sowie\u00a0<strong>fachlichem<\/strong>\u00a0<strong>Austausch<\/strong>. F\u00fcr das anschlie\u00dfende\u00a0<strong>Networking-Event<\/strong>\u00a0haben wir uns dieses Mal etwas ganz Besonderes einfallen lassen und freuen uns auf einen fr\u00e4nkischen Abend im Staatlichen Hofkeller W\u00fcrzburg, bei dem wir den eoSearchSummit gemeinsam ausklingen lassen.<\/p>\n<\/section>\n\n<section class=\"container content gb-block wp-block-html fade-in\">\n<div style=\"margin-top: -13px\"><script src=\"https:\/\/embed.eventfrog.de\/api\/scripts\/embed\/event.js\"><\/script><iframe width=\"100%\" height=\"400\" src=\"https:\/\/embed.eventfrog.de\/de\/p\/wissenschaft-und-technik\/eosearchsummit-2025-7188078232838579046.html?color=5CC4EC&amp;infobox=0&amp;description=0&amp;location=0&amp;organisator=0&amp;sponsors=0\"><\/iframe><\/div>\n<\/section>\n\n<section class=\"container content gb-block wp-block-spacer fade-in\">\n<div style=\"height:44px\" aria-hidden=\"true\" class=\"wp-block-spacer\"><\/div>\n<\/section>\n\n<section class=\"container content gb-block wp-block-paragraph fade-in\">\n<p class=\"hyphenate\" lang=\"de\"><strong>Hinweis<\/strong>: Liebe(r) Ticketk\u00e4ufer(in), beim Kauf per Kreditkarte kann bei manchen Kreditkartenanbierten evtl. eine Auslandsgeb\u00fchr in H\u00f6he von 1 % des Kaufpreises erhoben werden. Sollte das bei Dir zutreffen, bitten wir Dich unseren Zahlungsdienstleister per Mail unter <a href=\"mailto:&#115;&#117;p&#112;&#111;r&#116;&#64;e&#118;&#101;n&#116;frog.n&#101;t\">s&#117;p&#112;&#111;&#114;t&#64;&#101;&#118;ent&#102;r&#111;g.n&#101;t<\/a> zu kontaktieren, um eine R\u00fcckerstattung der Auslandsgeb\u00fchr anzufordern. Hierzu der E-Mail bitte einen Screenshot \/ Scan der Abrechnung mit ausgewiesenem &#8222;Entgelt f\u00fcr Auslandseinsatz&#8220; beilegen. Dieser Betrag wird dann \u00fcber die gew\u00e4hlte Zahlart zur\u00fcckerstattet.<\/p>\n<\/section>\n\n<section class=\"container content gb-block wp-block-heading fade-in\">\n<h2 class=\"wp-block-heading\" id=\"h-ausserdem-erwartet-dich\"><strong>Au\u00dferdem erwartet Dich<\/strong>:<\/h2>\n<\/section>\n\n<section class=\"container content gb-block wp-block-list fade-in\">\n<ul class=\"wp-block-list\">\n<li>Alle freigegebenen <strong>Pr\u00e4sentationen<\/strong>&nbsp;der <strong>Speaker<\/strong> im Nachgang<\/li>\n\n\n\n<li>Zeit f\u00fcr Deine Fragen:&nbsp;Stelle im Anschluss der Vortr\u00e4ge direkt Deine <strong>Fragen<\/strong> an die <strong>Speaker<\/strong> &amp; erhalte <strong>fachlich<\/strong> <strong>fundierte<\/strong> <strong>Antworten<\/strong><\/li>\n\n\n\n<li><strong>Spannende<\/strong> <strong>Themen<\/strong> aus den Bereichen SEO, SEA, Online-Marketing und e-Commerce<\/li>\n\n\n\n<li><strong>Networking<\/strong> mit Kollegen aus der Branche<\/li>\n\n\n\n<li><strong>Kulinarische<\/strong> <strong>Verkostung<\/strong> in den Pausen<\/li>\n\n\n\n<li>Die Chance auf einen <strong>limitierten<\/strong> <strong>Platz<\/strong> in einer <strong>Masterclass<\/strong><\/li>\n<\/ul>\n<\/section>\n\n<section class=\"container content gb-block wp-block-spacer fade-in\">\n<div style=\"height:40px\" aria-hidden=\"true\" class=\"wp-block-spacer\"><\/div>\n<\/section>","protected":false},"excerpt":{"rendered":"<p class=\"hyphenate\" lang=\"de\">Der eoSearchSummit garantiert Dir ein\u00a0exklusives\u00a0Programm\u00a0voll geballtem\u00a0Marketingwissen\u00a0mit\u00a0TOP-Speakern\u00a0sowie\u00a0fachlichem\u00a0Austausch. F\u00fcr das anschlie\u00dfende\u00a0Networking-Event\u00a0haben wir uns dieses Mal etwas ganz Besonderes einfallen lassen und freuen uns auf einen fr\u00e4nkischen Abend im Staatlichen Hofkeller W\u00fcrzburg, bei dem wir den eoSearchSummit gemeinsam ausklingen lassen. Hinweis: Liebe(r) Ticketk\u00e4ufer(in), beim Kauf per Kreditkarte kann bei manchen Kreditkartenanbierten evtl. eine Auslandsgeb\u00fchr in H\u00f6he von 1&nbsp;...&nbsp;<a href=\"https:\/\/eovent.eology.de\/eosearchsummit\/tickets\" class=\"more-link\">Weiterlesen<\/a><\/p>","protected":false},"author":3,"featured_media":143,"parent":0,"menu_order":102,"comment_status":"closed","ping_status":"closed","template":"","meta":{"_acf_changed":false,"footnotes":""},"class_list":["post-68","page","type-page","status-publish","has-post-thumbnail","hentry"],"acf":[],"yoast_head":"<!-- This site is optimized with the Yoast SEO Premium plugin v27.3 (Yoast SEO v27.3) - https:\/\/yoast.com\/product\/yoast-seo-premium-wordpress\/ -->\n<title>eoSearchSummit - Sichere Dir hier Dein Ticket<\/title>\n<meta name=\"description\" content=\"Hol Dir Dein Ticket f\u00fcr den n\u00e4chsten eoSearchSummit 2025. Wir bieten Dir spannende Vortr\u00e4ge und eine geballte Ladung Wissen.\" \/>\n<meta name=\"robots\" content=\"index, follow, max-snippet:-1, max-image-preview:large, max-video-preview:-1\" \/>\n<link rel=\"canonical\" href=\"https:\/\/eovent.eology.de\/eosearchsummit\/tickets\" \/>\n<meta property=\"og:locale\" content=\"de_DE\" \/>\n<meta property=\"og:type\" content=\"article\" \/>\n<meta property=\"og:title\" content=\"Tickets\" \/>\n<meta property=\"og:description\" content=\"Hol Dir Dein Ticket f\u00fcr den n\u00e4chsten eoSearchSummit 2025. Wir bieten Dir spannende Vortr\u00e4ge und eine geballte Ladung Wissen.\" \/>\n<meta property=\"og:url\" content=\"https:\/\/eovent.eology.de\/eosearchsummit\/tickets\" \/>\n<meta property=\"og:site_name\" content=\"Online Marketing Konferenz\" \/>\n<meta property=\"article:publisher\" content=\"https:\/\/www.facebook.com\/eology\" \/>\n<meta property=\"article:modified_time\" content=\"2024-11-18T09:54:48+00:00\" \/>\n<meta property=\"og:image\" content=\"https:\/\/eovent.eology.de\/eosearchsummit\/wp-content\/uploads\/sites\/3\/2023\/04\/Test-Titelbilder.jpg\" \/>\n\t<meta property=\"og:image:width\" content=\"1024\" \/>\n\t<meta property=\"og:image:height\" content=\"576\" \/>\n\t<meta property=\"og:image:type\" content=\"image\/jpeg\" \/>\n<meta name=\"twitter:card\" content=\"summary_large_image\" \/>\n<meta name=\"twitter:label1\" content=\"Gesch\u00e4tzte Lesezeit\" \/>\n\t<meta name=\"twitter:data1\" content=\"2\u00a0Minuten\" \/>\n<script type=\"application\/ld+json\" class=\"yoast-schema-graph\">{\"@context\":\"https:\\\/\\\/schema.org\",\"@graph\":[{\"@type\":\"WebPage\",\"@id\":\"https:\\\/\\\/eovent.eology.de\\\/eosearchsummit\\\/tickets\",\"url\":\"https:\\\/\\\/eovent.eology.de\\\/eosearchsummit\\\/tickets\",\"name\":\"eoSearchSummit - Sichere Dir hier Dein Ticket\",\"isPartOf\":{\"@id\":\"https:\\\/\\\/eovent.eology.de\\\/eosearchsummit\\\/#website\"},\"primaryImageOfPage\":{\"@id\":\"https:\\\/\\\/eovent.eology.de\\\/eosearchsummit\\\/tickets#primaryimage\"},\"image\":{\"@id\":\"https:\\\/\\\/eovent.eology.de\\\/eosearchsummit\\\/tickets#primaryimage\"},\"thumbnailUrl\":\"https:\\\/\\\/eovent.eology.de\\\/eosearchsummit\\\/wp-content\\\/uploads\\\/sites\\\/3\\\/2023\\\/04\\\/Test-Titelbilder.jpg\",\"datePublished\":\"2023-04-03T09:24:55+00:00\",\"dateModified\":\"2024-11-18T09:54:48+00:00\",\"description\":\"Hol Dir Dein Ticket f\u00fcr den n\u00e4chsten eoSearchSummit 2025. Wir bieten Dir spannende Vortr\u00e4ge und eine geballte Ladung Wissen.\",\"breadcrumb\":{\"@id\":\"https:\\\/\\\/eovent.eology.de\\\/eosearchsummit\\\/tickets#breadcrumb\"},\"inLanguage\":\"de\",\"potentialAction\":[{\"@type\":\"ReadAction\",\"target\":[\"https:\\\/\\\/eovent.eology.de\\\/eosearchsummit\\\/tickets\"]}]},{\"@type\":\"ImageObject\",\"inLanguage\":\"de\",\"@id\":\"https:\\\/\\\/eovent.eology.de\\\/eosearchsummit\\\/tickets#primaryimage\",\"url\":\"https:\\\/\\\/eovent.eology.de\\\/eosearchsummit\\\/wp-content\\\/uploads\\\/sites\\\/3\\\/2023\\\/04\\\/Test-Titelbilder.jpg\",\"contentUrl\":\"https:\\\/\\\/eovent.eology.de\\\/eosearchsummit\\\/wp-content\\\/uploads\\\/sites\\\/3\\\/2023\\\/04\\\/Test-Titelbilder.jpg\",\"width\":1920,\"height\":1080},{\"@type\":\"BreadcrumbList\",\"@id\":\"https:\\\/\\\/eovent.eology.de\\\/eosearchsummit\\\/tickets#breadcrumb\",\"itemListElement\":[{\"@type\":\"ListItem\",\"position\":1,\"name\":\"Startseite\",\"item\":\"https:\\\/\\\/eovent.eology.de\\\/eosearchsummit\\\/\"},{\"@type\":\"ListItem\",\"position\":2,\"name\":\"Tickets\"}]},{\"@type\":\"WebSite\",\"@id\":\"https:\\\/\\\/eovent.eology.de\\\/eosearchsummit\\\/#website\",\"url\":\"https:\\\/\\\/eovent.eology.de\\\/eosearchsummit\\\/\",\"name\":\"Online Marketing Konferenz\",\"description\":\"\",\"publisher\":{\"@id\":\"https:\\\/\\\/eovent.eology.de\\\/eosearchsummit\\\/#organization\"},\"potentialAction\":[{\"@type\":\"SearchAction\",\"target\":{\"@type\":\"EntryPoint\",\"urlTemplate\":\"https:\\\/\\\/eovent.eology.de\\\/eosearchsummit\\\/?s={search_term_string}\"},\"query-input\":{\"@type\":\"PropertyValueSpecification\",\"valueRequired\":true,\"valueName\":\"search_term_string\"}}],\"inLanguage\":\"de\"},{\"@type\":\"Organization\",\"@id\":\"https:\\\/\\\/eovent.eology.de\\\/eosearchsummit\\\/#organization\",\"name\":\"eosearchsummit\",\"url\":\"https:\\\/\\\/eovent.eology.de\\\/eosearchsummit\\\/\",\"logo\":{\"@type\":\"ImageObject\",\"inLanguage\":\"de\",\"@id\":\"https:\\\/\\\/eovent.eology.de\\\/eosearchsummit\\\/#\\\/schema\\\/logo\\\/image\\\/\",\"url\":\"https:\\\/\\\/www.eosearchsummit.de\\\/wp-content\\\/uploads\\\/sites\\\/3\\\/2023\\\/09\\\/eosearchsummit-logo_auf-weiss_208x78.svg\",\"contentUrl\":\"https:\\\/\\\/www.eosearchsummit.de\\\/wp-content\\\/uploads\\\/sites\\\/3\\\/2023\\\/09\\\/eosearchsummit-logo_auf-weiss_208x78.svg\",\"width\":1,\"height\":1,\"caption\":\"eosearchsummit\"},\"image\":{\"@id\":\"https:\\\/\\\/eovent.eology.de\\\/eosearchsummit\\\/#\\\/schema\\\/logo\\\/image\\\/\"},\"sameAs\":[\"https:\\\/\\\/www.facebook.com\\\/eology\",\"https:\\\/\\\/www.instagram.com\\\/eology_gmbh\"]}]}<\/script>\n<!-- \/ Yoast SEO Premium plugin. -->","yoast_head_json":{"title":"eoSearchSummit - Sichere Dir hier Dein Ticket","description":"Hol Dir Dein Ticket f\u00fcr den n\u00e4chsten eoSearchSummit 2025. Wir bieten Dir spannende Vortr\u00e4ge und eine geballte Ladung Wissen.","robots":{"index":"index","follow":"follow","max-snippet":"max-snippet:-1","max-image-preview":"max-image-preview:large","max-video-preview":"max-video-preview:-1"},"canonical":"https:\/\/eovent.eology.de\/eosearchsummit\/tickets","og_locale":"de_DE","og_type":"article","og_title":"Tickets","og_description":"Hol Dir Dein Ticket f\u00fcr den n\u00e4chsten eoSearchSummit 2025. Wir bieten Dir spannende Vortr\u00e4ge und eine geballte Ladung Wissen.","og_url":"https:\/\/eovent.eology.de\/eosearchsummit\/tickets","og_site_name":"Online Marketing Konferenz","article_publisher":"https:\/\/www.facebook.com\/eology","article_modified_time":"2024-11-18T09:54:48+00:00","og_image":[{"url":"https:\/\/eovent.eology.de\/eosearchsummit\/wp-content\/uploads\/sites\/3\/2023\/04\/Test-Titelbilder.jpg","width":1024,"height":576,"type":"image\/jpeg"}],"twitter_card":"summary_large_image","twitter_misc":{"Gesch\u00e4tzte Lesezeit":"2\u00a0Minuten"},"schema":{"@context":"https:\/\/schema.org","@graph":[{"@type":"WebPage","@id":"https:\/\/eovent.eology.de\/eosearchsummit\/tickets","url":"https:\/\/eovent.eology.de\/eosearchsummit\/tickets","name":"eoSearchSummit - Sichere Dir hier Dein Ticket","isPartOf":{"@id":"https:\/\/eovent.eology.de\/eosearchsummit\/#website"},"primaryImageOfPage":{"@id":"https:\/\/eovent.eology.de\/eosearchsummit\/tickets#primaryimage"},"image":{"@id":"https:\/\/eovent.eology.de\/eosearchsummit\/tickets#primaryimage"},"thumbnailUrl":"https:\/\/eovent.eology.de\/eosearchsummit\/wp-content\/uploads\/sites\/3\/2023\/04\/Test-Titelbilder.jpg","datePublished":"2023-04-03T09:24:55+00:00","dateModified":"2024-11-18T09:54:48+00:00","description":"Hol Dir Dein Ticket f\u00fcr den n\u00e4chsten eoSearchSummit 2025. Wir bieten Dir spannende Vortr\u00e4ge und eine geballte Ladung Wissen.","breadcrumb":{"@id":"https:\/\/eovent.eology.de\/eosearchsummit\/tickets#breadcrumb"},"inLanguage":"de","potentialAction":[{"@type":"ReadAction","target":["https:\/\/eovent.eology.de\/eosearchsummit\/tickets"]}]},{"@type":"ImageObject","inLanguage":"de","@id":"https:\/\/eovent.eology.de\/eosearchsummit\/tickets#primaryimage","url":"https:\/\/eovent.eology.de\/eosearchsummit\/wp-content\/uploads\/sites\/3\/2023\/04\/Test-Titelbilder.jpg","contentUrl":"https:\/\/eovent.eology.de\/eosearchsummit\/wp-content\/uploads\/sites\/3\/2023\/04\/Test-Titelbilder.jpg","width":1920,"height":1080},{"@type":"BreadcrumbList","@id":"https:\/\/eovent.eology.de\/eosearchsummit\/tickets#breadcrumb","itemListElement":[{"@type":"ListItem","position":1,"name":"Startseite","item":"https:\/\/eovent.eology.de\/eosearchsummit\/"},{"@type":"ListItem","position":2,"name":"Tickets"}]},{"@type":"WebSite","@id":"https:\/\/eovent.eology.de\/eosearchsummit\/#website","url":"https:\/\/eovent.eology.de\/eosearchsummit\/","name":"Online Marketing Konferenz","description":"","publisher":{"@id":"https:\/\/eovent.eology.de\/eosearchsummit\/#organization"},"potentialAction":[{"@type":"SearchAction","target":{"@type":"EntryPoint","urlTemplate":"https:\/\/eovent.eology.de\/eosearchsummit\/?s={search_term_string}"},"query-input":{"@type":"PropertyValueSpecification","valueRequired":true,"valueName":"search_term_string"}}],"inLanguage":"de"},{"@type":"Organization","@id":"https:\/\/eovent.eology.de\/eosearchsummit\/#organization","name":"eosearchsummit","url":"https:\/\/eovent.eology.de\/eosearchsummit\/","logo":{"@type":"ImageObject","inLanguage":"de","@id":"https:\/\/eovent.eology.de\/eosearchsummit\/#\/schema\/logo\/image\/","url":"https:\/\/www.eosearchsummit.de\/wp-content\/uploads\/sites\/3\/2023\/09\/eosearchsummit-logo_auf-weiss_208x78.svg","contentUrl":"https:\/\/www.eosearchsummit.de\/wp-content\/uploads\/sites\/3\/2023\/09\/eosearchsummit-logo_auf-weiss_208x78.svg","width":1,"height":1,"caption":"eosearchsummit"},"image":{"@id":"https:\/\/eovent.eology.de\/eosearchsummit\/#\/schema\/logo\/image\/"},"sameAs":["https:\/\/www.facebook.com\/eology","https:\/\/www.instagram.com\/eology_gmbh"]}]}},"_links":{"self":[{"href":"https:\/\/eovent.eology.de\/eosearchsummit\/wp-json\/wp\/v2\/pages\/68","targetHints":{"allow":["GET"]}}],"collection":[{"href":"https:\/\/eovent.eology.de\/eosearchsummit\/wp-json\/wp\/v2\/pages"}],"about":[{"href":"https:\/\/eovent.eology.de\/eosearchsummit\/wp-json\/wp\/v2\/types\/page"}],"author":[{"embeddable":true,"href":"https:\/\/eovent.eology.de\/eosearchsummit\/wp-json\/wp\/v2\/users\/3"}],"replies":[{"embeddable":true,"href":"https:\/\/eovent.eology.de\/eosearchsummit\/wp-json\/wp\/v2\/comments?post=68"}],"version-history":[{"count":22,"href":"https:\/\/eovent.eology.de\/eosearchsummit\/wp-json\/wp\/v2\/pages\/68\/revisions"}],"predecessor-version":[{"id":1497,"href":"https:\/\/eovent.eology.de\/eosearchsummit\/wp-json\/wp\/v2\/pages\/68\/revisions\/1497"}],"wp:featuredmedia":[{"embeddable":true,"href":"https:\/\/eovent.eology.de\/eosearchsummit\/wp-json\/wp\/v2\/media\/143"}],"wp:attachment":[{"href":"https:\/\/eovent.eology.de\/eosearchsummit\/wp-json\/wp\/v2\/media?parent=68"}],"curies":[{"name":"wp","href":"https:\/\/api.w.org\/{rel}","templated":true}]}}