{"id":645,"date":"2023-05-11T12:30:33","date_gmt":"2023-05-11T10:30:33","guid":{"rendered":"https:\/\/www.eosearchsummit.de\/?page_id=645"},"modified":"2024-10-24T10:59:00","modified_gmt":"2024-10-24T08:59:00","slug":"presse","status":"publish","type":"page","link":"https:\/\/eovent.eology.de\/eosearchsummit\/presse","title":{"rendered":"Presse"},"content":{"rendered":"<section class=\"container content gb-block wp-block-paragraph fade-in\">\n<p class=\"hyphenate\" lang=\"de\">Hier erhalten Vertreter der regionalen, \u00fcberregionalen und Fachpresse n\u00e4here Informationen und Bilddaten zum eoSearchSummit.<\/p>\n<\/section>\n\n<section class=\"container content gb-block wp-block-paragraph fade-in\">\n<p class=\"hyphenate\" lang=\"de\"><strong>F\u00fcr Presseanfragen, Kooperationen oder die Akkreditierung wende Dich bitte an:<\/strong><\/p>\n<\/section>\n\n\t\t\t\t\t\t\t\t\n\t\t\t<section class=\"container content gb-block wp-block-person fade-in\">\n\n\t\t\t<div class=\"helper\">\n\n\t\t\t\t<div class=\"col1\">\n\t\t\t\t\t\t\t\t\t\t\t<img class=\"post-thumb lazyload\" data-src=\"https:\/\/eovent.eology.de\/eosearchsummit\/wp-content\/uploads\/sites\/3\/2023\/05\/Olga_Website-300x300.jpg\" title=\"Olga Fedukov\" alt=\"Olga Fedukov\" \/>\n\t\t\t\t\t\t\t\t\t<\/div>\n\t\t\t\t<div class=\"col2\">\n\t\t\t\t\t<div class=\"helper\">\n\n\t\t\t\t\t\t<strong class=\"speaker-name\">Olga Fedukov<\/strong>\n\t\t\t\t\t\t<p class=\"hyphenate\" lang=\"de\">\n\t\t\t\t\t\t\t<span class=\"speaker-jobtitel\">Marketing Manager<\/span>\t\t\t\t\t\t\t<br \/><span class=\"speaker-firma\">eology GmbH<\/span>\t\t\t\t\t\t<\/p>\n\t\t\t\t\t\t\t\t\t\t\t\t\t<p class=\"hyphenate\" lang=\"de\">\n\t\t\t\t\t\t\t\t<span class=\"speaker-text\">Vielen Dank f\u00fcr Dein Interesse an unserem eoSearchSummit! Bei weiteren Fragen bin ich jederzeit erreichbar und Du kannst Dich gerne einfach pers\u00f6nlich bei mir melden.<\/span>\n\t\t\t\t\t\t\t<\/p>\n\t\t\t\t\t\t\n\t\t\t\t\t\t\t\t\t\t\t\t\t<span class=\"small\"><strong style=\"font-weight: 500;\">Telefon:<\/strong> <a class=\"call-me\" href=\"tel:+49 9381 58290138\">+49 9381 58290138<\/a><\/span>\t\t\t\t\t\t\t<span class=\"small\"><strong style=\"font-weight: 500;\">E-Mail:<\/strong> <a class=\"write-me\" href=\"mailto:&#111;&#46;fe&#100;uk&#111;&#118;&#64;e&#111;lo&#103;&#121;.d&#101;\" style=\"font-weight: 400;\">&#111;&#46;f&#101;&#100;&#117;&#107;o&#118;&#64;e&#111;log&#121;&#46;d&#101;<\/a><\/span>\t\t\t\t\t\t \n\n\t\t\t\t\t<\/div>\n\t\t\t\t<\/div>\n\n\t\t\t<\/div>\n\n\t\t<\/section>\n\t\n\n<section class=\"container content gb-block wp-block-spacer fade-in\">\n<div style=\"height:31px\" aria-hidden=\"true\" class=\"wp-block-spacer\"><\/div>\n<\/section>\n\n<section class=\"container content gb-block wp-block-heading fade-in\">\n<h2 class=\"wp-block-heading\" id=\"h-downloads-logovarianten\">Downloads Logovarianten<\/h2>\n<\/section>\n\n\t\t\t\t\n\t\t\t<section class=\"container content gb-block wp-block-logovarianten fade-in\">\n\t\t\t<div class=\"full_width-helper\">\n\t\t\t\t<div class=\"content-column logovariante1\">\n\t\t\t\t\t<div class=\"image-helper\">\n\t\t\t\t\t\t<img class=\"lazyload\" data-src=\"https:\/\/eovent.eology.de\/eosearchsummit\/wp-content\/themes\/eovent-eosearchsummit\/blocks\/eo_logovarianten\/img\/eosearchsummit_logovariante1_300x200.svg\" width=\"300\" height=\"200\" title=\"\" alt=\"\" \/>\n\t\t\t\t\t<\/div>\n\t\t\t\t\t<div class=\"text-helper\">\n\t\t\t\t\t\t<ul>\n\t\t\t\t\t\t\t<li>\n\t\t\t\t\t\t\t\t<span class=\"small\">\n\t\t\t\t\t\t\t\t\t<a  href=\"https:\/\/eovent.eology.de\/eosearchsummit\/wp-content\/themes\/eovent-eosearchsummit\/blocks\/eo_logovarianten\/img\/eosearchsummit_logovariante1_300x200.pdf\" download>Logovariante1 f\u00fcr die Verwendung auf wei\u00dfem Hintergrund (PDF Format, Vektor, RGB)<\/a>\n\t\t\t\t\t\t\t\t\t( 334 kb )\n\t\t\t\t\t\t\t\t<\/span>\n\t\t\t\t\t\t\t<\/li>\n\t\t\t\t\t\t\t<li>\n\t\t\t\t\t\t\t\t<span class=\"small\">\n\t\t\t\t\t\t\t\t\t<a  href=\"https:\/\/eovent.eology.de\/eosearchsummit\/wp-content\/themes\/eovent-eosearchsummit\/blocks\/eo_logovarianten\/img\/eosearchsummit_logovariante1_300x200.png\" download>Logovariante1 f\u00fcr die Verwendung auf wei\u00dfem Hintergrund (PNG Format, 300dpi, RGB)<\/a>\n\t\t\t\t\t\t\t\t\t( 11 kb )\n\t\t\t\t\t\t\t\t<\/span>\n\t\t\t\t\t\t\t<\/li>\n\t\t\t\t\t\t<\/ul>\t\t\t\n\t\t\t\t\t<\/div>\n\t\t\t\t<\/div>\n\t\t\t\t<div class=\"content-column logovariante2\">\n\t\t\t\t\t<div class=\"image-helper\">\n\t\t\t\t\t\t<img class=\"lazyload\" data-src=\"https:\/\/eovent.eology.de\/eosearchsummit\/wp-content\/themes\/eovent-eosearchsummit\/blocks\/eo_logovarianten\/img\/eosearchsummit_logovariante2_300x200.svg\" width=\"300\" height=\"200\" title=\"\" alt=\"\" \/>\n\t\t\t\t\t<\/div>\n\t\t\t\t\t<div class=\"text-helper\">\n\t\t\t\t\t\t<ul>\n\t\t\t\t\t\t\t<li>\n\t\t\t\t\t\t\t\t<span class=\"small\">\n\t\t\t\t\t\t\t\t\t<a  href=\"https:\/\/eovent.eology.de\/eosearchsummit\/wp-content\/themes\/eovent-eosearchsummit\/blocks\/eo_logovarianten\/img\/eosearchsummit_logovariante2_300x200.pdf\" download>Logovariante2 f\u00fcr die Verwendung auf dunklem Hintergrund (PDF Format, Vektor, RGB)<\/a>\n\t\t\t\t\t\t\t\t\t( 328 kb )\n\t\t\t\t\t\t\t\t<\/span>\n\t\t\t\t\t\t\t<\/li>\n\t\t\t\t\t\t\t<li>\n\t\t\t\t\t\t\t\t<span class=\"small\">\n\t\t\t\t\t\t\t\t\t<a  href=\"https:\/\/eovent.eology.de\/eosearchsummit\/wp-content\/themes\/eovent-eosearchsummit\/blocks\/eo_logovarianten\/img\/eosearchsummit_logovariante2_300x200.png\" download>Logovariante2 f\u00fcr die Verwendung auf dunklem Hintergrund (PNG Format, 300dpi, RGB)<\/a>\n\t\t\t\t\t\t\t\t\t( 11 kb )\n\t\t\t\t\t\t\t\t<\/span>\n\t\t\t\t\t\t\t<\/li>\n\t\t\t\t\t\t<\/ul>\n\t\t\t\t\t<\/div>\n\t\t\t\t<\/div>\n\t\t\t<\/div>\n\t\t<\/section>\n\t\n\n<section class=\"container content gb-block wp-block-spacer fade-in\">\n<div style=\"height:30px\" aria-hidden=\"true\" class=\"wp-block-spacer\"><\/div>\n<\/section>\n\n<section class=\"container content gb-block wp-block-heading fade-in\">\n<h2 class=\"wp-block-heading\" id=\"h-downloads-pressemitteilungen\">Downloads Pressemitteilungen<\/h2>\n<\/section>\n\n\t\n\t\n\t\t<section class=\"container content gb-block wp-block-downloads fade-in\">\n\n\t\t\t<div class=\"helper\">\n\n\t\t\t\t<ul>\n\n\t\t\t\t\t\n\t\t\t\t\t\t\n\t\t\t\t\t\t\t\t\t\t\t\t\t\t\t\t\t\t\t\t\n\t\t\t\t\t\t\t\n\t\t\t\t\t\t\t\n\t\t\t\t\t\t\t\n\t\t\t\t\t\t\t\n\t\t\t\t\t\t\t\t<li>\n\t\t\t\t\t\t\t\t\t<div class=\"helper\">\n\t\t\t\t\t\t\t\t\t\t<div class=\"file-image\">\n\t\t\t\t\t\t\t\t\t\t\t<img decoding=\"async\" src=\"https:\/\/eovent.eology.de\/eosearchsummit\/wp-content\/themes\/eovent-eosearchsummit\/blocks\/eo_downloads\/img\/eo_downloads_mime-type_pdf_24x32.svg\" title=\"Pressemitteilung eoSearchSummit 2025\" alt=\"Pressemitteilung eoSearchSummit 2025\" \/>\n\t\t\t\t\t\t\t\t\t\t<\/div>\n\t\t\t\t\t\t\t\t\t\t<div class=\"file-download\">\n\t\t\t\t\t\t\t\t\t\t\t<a href=\"https:\/\/eovent.eology.de\/eosearchsummit\/wp-content\/uploads\/sites\/3\/2024\/10\/Pressemitteilung-eoSearchSummit-2025.pdf\" download>Pressemitteilung eoSearchSummit 2025<\/a>\n\t\t\t\t\t\t\t\t\t\t<\/div>\n\t\t\t\t\t\t\t\t\t\t<div class=\"file-size\">\n\t\t\t\t\t\t\t\t\t\t\t<span class=\"small\">( 82,38 KB )<\/span>\n\t\t\t\t\t\t\t\t\t\t<\/div>\n\t\t\t\t\t\t\t\t\t<\/div>\n\t\t\t\t\t\t\t\t<\/li>\n\n\t\t\t\t\t\t\t\n\t\t\t\t\t\t\n\t\t\t\t\t\t\t\t\t\t\t\t\t\t\t\t\t\t\t\t\n\t\t\t\t\t\t\t\n\t\t\t\t\t\t\t\n\t\t\t\t\t\t\t\n\t\t\t\t\t\t\t\n\t\t\t\t\t\t\t\t<li>\n\t\t\t\t\t\t\t\t\t<div class=\"helper\">\n\t\t\t\t\t\t\t\t\t\t<div class=\"file-image\">\n\t\t\t\t\t\t\t\t\t\t\t<img decoding=\"async\" src=\"https:\/\/eovent.eology.de\/eosearchsummit\/wp-content\/themes\/eovent-eosearchsummit\/blocks\/eo_downloads\/img\/eo_downloads_mime-type_pdf_24x32.svg\" title=\"Pressemitteilung eoSearchSummit 2024\" alt=\"Pressemitteilung eoSearchSummit 2024\" \/>\n\t\t\t\t\t\t\t\t\t\t<\/div>\n\t\t\t\t\t\t\t\t\t\t<div class=\"file-download\">\n\t\t\t\t\t\t\t\t\t\t\t<a href=\"https:\/\/eovent.eology.de\/eosearchsummit\/wp-content\/uploads\/sites\/3\/2023\/11\/Pressemitteilung-eoSearchSummit-2024.pdf\" download>Pressemitteilung eoSearchSummit 2024<\/a>\n\t\t\t\t\t\t\t\t\t\t<\/div>\n\t\t\t\t\t\t\t\t\t\t<div class=\"file-size\">\n\t\t\t\t\t\t\t\t\t\t\t<span class=\"small\">( 78,49 KB )<\/span>\n\t\t\t\t\t\t\t\t\t\t<\/div>\n\t\t\t\t\t\t\t\t\t<\/div>\n\t\t\t\t\t\t\t\t<\/li>\n\n\t\t\t\t\t\t\t\n\t\t\t\t\t\t\n\t\t\t\t\t\t\t\t\t\t\t\t\t\t\t\t\t\t\t\t\n\t\t\t\t\t\t\t\n\t\t\t\t\t\t\t\n\t\t\t\t\t\t\t\n\t\t\t\t\t\t\t\n\t\t\t\t\t\t\t\t<li>\n\t\t\t\t\t\t\t\t\t<div class=\"helper\">\n\t\t\t\t\t\t\t\t\t\t<div class=\"file-image\">\n\t\t\t\t\t\t\t\t\t\t\t<img decoding=\"async\" src=\"https:\/\/eovent.eology.de\/eosearchsummit\/wp-content\/themes\/eovent-eosearchsummit\/blocks\/eo_downloads\/img\/eo_downloads_mime-type_pdf_24x32.svg\" title=\"Pressemitteilung eoSearchSummit 2023\" alt=\"Pressemitteilung eoSearchSummit 2023\" \/>\n\t\t\t\t\t\t\t\t\t\t<\/div>\n\t\t\t\t\t\t\t\t\t\t<div class=\"file-download\">\n\t\t\t\t\t\t\t\t\t\t\t<a href=\"https:\/\/eovent.eology.de\/eosearchsummit\/wp-content\/uploads\/sites\/3\/2023\/05\/Pressemitteilung-eoSearchSummit-2023.pdf\" download>Pressemitteilung eoSearchSummit 2023<\/a>\n\t\t\t\t\t\t\t\t\t\t<\/div>\n\t\t\t\t\t\t\t\t\t\t<div class=\"file-size\">\n\t\t\t\t\t\t\t\t\t\t\t<span class=\"small\">( 561,54 KB )<\/span>\n\t\t\t\t\t\t\t\t\t\t<\/div>\n\t\t\t\t\t\t\t\t\t<\/div>\n\t\t\t\t\t\t\t\t<\/li>\n\n\t\t\t\t\t\t\t\n\t\t\t\t\t\t\n\t\t\t\t\t\n\t\t\t\t<\/ul>\n\n\t\t\t<\/div>\n\n\t\t<\/section>\n\n\t\n\n<section class=\"container content gb-block wp-block-spacer fade-in\">\n<div style=\"height:30px\" aria-hidden=\"true\" class=\"wp-block-spacer\"><\/div>\n<\/section>\n\n<section class=\"container content gb-block wp-block-heading fade-in\">\n<h4 class=\"wp-block-heading\" id=\"h-recap-des-eosearchsummits-2024\"><strong>Recap des eoSearchSummits 2024<\/strong><\/h4>\n<\/section>\n\n<section class=\"container content gb-block wp-block-paragraph fade-in\">\n<p class=\"hyphenate\" lang=\"de\">Du m\u00f6chtest Details zum Ablauf des eoSearchSummits 2024? Dann schau Dir doch mal unseren&nbsp;<a href=\"https:\/\/www.eology.de\/news\/recap-eosearchsummit-2024\">Recap<\/a>&nbsp;an!<\/p>\n<\/section>\n\n<section class=\"container content gb-block wp-block-heading fade-in\">\n<h4 class=\"wp-block-heading\"><strong>Recap des eoSearchSummits 2023<\/strong><\/h4>\n<\/section>\n\n<section class=\"container content gb-block wp-block-paragraph fade-in\">\n<p class=\"hyphenate\" lang=\"de\">Du m\u00f6chtest Details zum Ablauf des eoSearchSummits 2023? Dann schau Dir doch mal unseren&nbsp;<a href=\"https:\/\/www.eology.de\/news\/recap-eosearchsummit-2023\">Recap<\/a>&nbsp;an!<\/p>\n<\/section>\n\n<section class=\"container content gb-block wp-block-heading fade-in\">\n<h4 class=\"wp-block-heading\"><strong>Recap des eoSearchSummits 2022<\/strong><\/h4>\n<\/section>\n\n<section class=\"container content gb-block wp-block-paragraph fade-in\">\n<p class=\"hyphenate\" lang=\"de\">Du m\u00f6chtest Details zum Ablauf des eoSearchSummits 2022? Dann schau Dir doch mal unseren&nbsp;<a href=\"https:\/\/www.eology.de\/news\/recap-eosearchsummit-2022\">Recap<\/a>&nbsp;an!<\/p>\n<\/section>","protected":false},"excerpt":{"rendered":"<p class=\"hyphenate\" lang=\"de\">Hier erhalten Vertreter der regionalen, \u00fcberregionalen und Fachpresse n\u00e4here Informationen und Bilddaten zum eoSearchSummit. F\u00fcr Presseanfragen, Kooperationen oder die Akkreditierung wende Dich bitte an: Downloads Logovarianten Downloads Pressemitteilungen Recap des eoSearchSummits 2024 Du m\u00f6chtest Details zum Ablauf des eoSearchSummits 2024? Dann schau Dir doch mal unseren&nbsp;Recap&nbsp;an! Recap des eoSearchSummits 2023 Du m\u00f6chtest Details zum Ablauf&nbsp;...&nbsp;<a href=\"https:\/\/eovent.eology.de\/eosearchsummit\/presse\" class=\"more-link\">Weiterlesen<\/a><\/p>","protected":false},"author":3,"featured_media":699,"parent":0,"menu_order":108,"comment_status":"closed","ping_status":"closed","template":"","meta":{"_acf_changed":false,"footnotes":""},"class_list":["post-645","page","type-page","status-publish","has-post-thumbnail","hentry"],"acf":[],"yoast_head":"<!-- This site is optimized with the Yoast SEO Premium plugin v27.3 (Yoast SEO v27.3) - https:\/\/yoast.com\/product\/yoast-seo-premium-wordpress\/ -->\n<title>Pressebereich mit n\u00fctzlichen Infos und Unterlagen<\/title>\n<meta name=\"description\" content=\"Hier erhalten Vertreter der regionalen, \u00fcberregionalen und Fachpresse n\u00e4here Informationen und Bilddaten zum eoSearchSummit.\" \/>\n<meta name=\"robots\" content=\"index, follow, max-snippet:-1, max-image-preview:large, max-video-preview:-1\" \/>\n<link rel=\"canonical\" href=\"https:\/\/eovent.eology.de\/eosearchsummit\/presse\" \/>\n<meta property=\"og:locale\" content=\"de_DE\" \/>\n<meta property=\"og:type\" content=\"article\" \/>\n<meta property=\"og:title\" content=\"Presse\" \/>\n<meta property=\"og:description\" content=\"Hier erhalten Vertreter der regionalen, \u00fcberregionalen und Fachpresse n\u00e4here Informationen und Bilddaten zum eoSearchSummit.\" \/>\n<meta property=\"og:url\" content=\"https:\/\/eovent.eology.de\/eosearchsummit\/presse\" \/>\n<meta property=\"og:site_name\" content=\"Online Marketing Konferenz\" \/>\n<meta property=\"article:publisher\" content=\"https:\/\/www.facebook.com\/eology\" \/>\n<meta property=\"article:modified_time\" content=\"2024-10-24T08:59:00+00:00\" \/>\n<meta property=\"og:image\" content=\"https:\/\/eovent.eology.de\/eosearchsummit\/wp-content\/uploads\/sites\/3\/2023\/05\/Vorlage-Titelbilder.jpg\" \/>\n\t<meta property=\"og:image:width\" content=\"1024\" \/>\n\t<meta property=\"og:image:height\" content=\"576\" \/>\n\t<meta property=\"og:image:type\" content=\"image\/jpeg\" \/>\n<meta name=\"twitter:card\" content=\"summary_large_image\" \/>\n<meta name=\"twitter:label1\" content=\"Gesch\u00e4tzte Lesezeit\" \/>\n\t<meta name=\"twitter:data1\" content=\"2\u00a0Minuten\" \/>\n<script type=\"application\/ld+json\" class=\"yoast-schema-graph\">{\"@context\":\"https:\\\/\\\/schema.org\",\"@graph\":[{\"@type\":\"WebPage\",\"@id\":\"https:\\\/\\\/eovent.eology.de\\\/eosearchsummit\\\/presse\",\"url\":\"https:\\\/\\\/eovent.eology.de\\\/eosearchsummit\\\/presse\",\"name\":\"Pressebereich mit n\u00fctzlichen Infos und Unterlagen\",\"isPartOf\":{\"@id\":\"https:\\\/\\\/eovent.eology.de\\\/eosearchsummit\\\/#website\"},\"primaryImageOfPage\":{\"@id\":\"https:\\\/\\\/eovent.eology.de\\\/eosearchsummit\\\/presse#primaryimage\"},\"image\":{\"@id\":\"https:\\\/\\\/eovent.eology.de\\\/eosearchsummit\\\/presse#primaryimage\"},\"thumbnailUrl\":\"https:\\\/\\\/eovent.eology.de\\\/eosearchsummit\\\/wp-content\\\/uploads\\\/sites\\\/3\\\/2023\\\/05\\\/Vorlage-Titelbilder.jpg\",\"datePublished\":\"2023-05-11T10:30:33+00:00\",\"dateModified\":\"2024-10-24T08:59:00+00:00\",\"description\":\"Hier erhalten Vertreter der regionalen, \u00fcberregionalen und Fachpresse n\u00e4here Informationen und Bilddaten zum eoSearchSummit.\",\"breadcrumb\":{\"@id\":\"https:\\\/\\\/eovent.eology.de\\\/eosearchsummit\\\/presse#breadcrumb\"},\"inLanguage\":\"de\",\"potentialAction\":[{\"@type\":\"ReadAction\",\"target\":[\"https:\\\/\\\/eovent.eology.de\\\/eosearchsummit\\\/presse\"]}]},{\"@type\":\"ImageObject\",\"inLanguage\":\"de\",\"@id\":\"https:\\\/\\\/eovent.eology.de\\\/eosearchsummit\\\/presse#primaryimage\",\"url\":\"https:\\\/\\\/eovent.eology.de\\\/eosearchsummit\\\/wp-content\\\/uploads\\\/sites\\\/3\\\/2023\\\/05\\\/Vorlage-Titelbilder.jpg\",\"contentUrl\":\"https:\\\/\\\/eovent.eology.de\\\/eosearchsummit\\\/wp-content\\\/uploads\\\/sites\\\/3\\\/2023\\\/05\\\/Vorlage-Titelbilder.jpg\",\"width\":1920,\"height\":1080},{\"@type\":\"BreadcrumbList\",\"@id\":\"https:\\\/\\\/eovent.eology.de\\\/eosearchsummit\\\/presse#breadcrumb\",\"itemListElement\":[{\"@type\":\"ListItem\",\"position\":1,\"name\":\"Startseite\",\"item\":\"https:\\\/\\\/eovent.eology.de\\\/eosearchsummit\\\/\"},{\"@type\":\"ListItem\",\"position\":2,\"name\":\"Presse\"}]},{\"@type\":\"WebSite\",\"@id\":\"https:\\\/\\\/eovent.eology.de\\\/eosearchsummit\\\/#website\",\"url\":\"https:\\\/\\\/eovent.eology.de\\\/eosearchsummit\\\/\",\"name\":\"Online Marketing Konferenz\",\"description\":\"\",\"publisher\":{\"@id\":\"https:\\\/\\\/eovent.eology.de\\\/eosearchsummit\\\/#organization\"},\"potentialAction\":[{\"@type\":\"SearchAction\",\"target\":{\"@type\":\"EntryPoint\",\"urlTemplate\":\"https:\\\/\\\/eovent.eology.de\\\/eosearchsummit\\\/?s={search_term_string}\"},\"query-input\":{\"@type\":\"PropertyValueSpecification\",\"valueRequired\":true,\"valueName\":\"search_term_string\"}}],\"inLanguage\":\"de\"},{\"@type\":\"Organization\",\"@id\":\"https:\\\/\\\/eovent.eology.de\\\/eosearchsummit\\\/#organization\",\"name\":\"eosearchsummit\",\"url\":\"https:\\\/\\\/eovent.eology.de\\\/eosearchsummit\\\/\",\"logo\":{\"@type\":\"ImageObject\",\"inLanguage\":\"de\",\"@id\":\"https:\\\/\\\/eovent.eology.de\\\/eosearchsummit\\\/#\\\/schema\\\/logo\\\/image\\\/\",\"url\":\"https:\\\/\\\/www.eosearchsummit.de\\\/wp-content\\\/uploads\\\/sites\\\/3\\\/2023\\\/09\\\/eosearchsummit-logo_auf-weiss_208x78.svg\",\"contentUrl\":\"https:\\\/\\\/www.eosearchsummit.de\\\/wp-content\\\/uploads\\\/sites\\\/3\\\/2023\\\/09\\\/eosearchsummit-logo_auf-weiss_208x78.svg\",\"width\":1,\"height\":1,\"caption\":\"eosearchsummit\"},\"image\":{\"@id\":\"https:\\\/\\\/eovent.eology.de\\\/eosearchsummit\\\/#\\\/schema\\\/logo\\\/image\\\/\"},\"sameAs\":[\"https:\\\/\\\/www.facebook.com\\\/eology\",\"https:\\\/\\\/www.instagram.com\\\/eology_gmbh\"]}]}<\/script>\n<!-- \/ Yoast SEO Premium plugin. -->","yoast_head_json":{"title":"Pressebereich mit n\u00fctzlichen Infos und Unterlagen","description":"Hier erhalten Vertreter der regionalen, \u00fcberregionalen und Fachpresse n\u00e4here Informationen und Bilddaten zum eoSearchSummit.","robots":{"index":"index","follow":"follow","max-snippet":"max-snippet:-1","max-image-preview":"max-image-preview:large","max-video-preview":"max-video-preview:-1"},"canonical":"https:\/\/eovent.eology.de\/eosearchsummit\/presse","og_locale":"de_DE","og_type":"article","og_title":"Presse","og_description":"Hier erhalten Vertreter der regionalen, \u00fcberregionalen und Fachpresse n\u00e4here Informationen und Bilddaten zum eoSearchSummit.","og_url":"https:\/\/eovent.eology.de\/eosearchsummit\/presse","og_site_name":"Online Marketing Konferenz","article_publisher":"https:\/\/www.facebook.com\/eology","article_modified_time":"2024-10-24T08:59:00+00:00","og_image":[{"url":"https:\/\/eovent.eology.de\/eosearchsummit\/wp-content\/uploads\/sites\/3\/2023\/05\/Vorlage-Titelbilder.jpg","width":1024,"height":576,"type":"image\/jpeg"}],"twitter_card":"summary_large_image","twitter_misc":{"Gesch\u00e4tzte Lesezeit":"2\u00a0Minuten"},"schema":{"@context":"https:\/\/schema.org","@graph":[{"@type":"WebPage","@id":"https:\/\/eovent.eology.de\/eosearchsummit\/presse","url":"https:\/\/eovent.eology.de\/eosearchsummit\/presse","name":"Pressebereich mit n\u00fctzlichen Infos und Unterlagen","isPartOf":{"@id":"https:\/\/eovent.eology.de\/eosearchsummit\/#website"},"primaryImageOfPage":{"@id":"https:\/\/eovent.eology.de\/eosearchsummit\/presse#primaryimage"},"image":{"@id":"https:\/\/eovent.eology.de\/eosearchsummit\/presse#primaryimage"},"thumbnailUrl":"https:\/\/eovent.eology.de\/eosearchsummit\/wp-content\/uploads\/sites\/3\/2023\/05\/Vorlage-Titelbilder.jpg","datePublished":"2023-05-11T10:30:33+00:00","dateModified":"2024-10-24T08:59:00+00:00","description":"Hier erhalten Vertreter der regionalen, \u00fcberregionalen und Fachpresse n\u00e4here Informationen und Bilddaten zum eoSearchSummit.","breadcrumb":{"@id":"https:\/\/eovent.eology.de\/eosearchsummit\/presse#breadcrumb"},"inLanguage":"de","potentialAction":[{"@type":"ReadAction","target":["https:\/\/eovent.eology.de\/eosearchsummit\/presse"]}]},{"@type":"ImageObject","inLanguage":"de","@id":"https:\/\/eovent.eology.de\/eosearchsummit\/presse#primaryimage","url":"https:\/\/eovent.eology.de\/eosearchsummit\/wp-content\/uploads\/sites\/3\/2023\/05\/Vorlage-Titelbilder.jpg","contentUrl":"https:\/\/eovent.eology.de\/eosearchsummit\/wp-content\/uploads\/sites\/3\/2023\/05\/Vorlage-Titelbilder.jpg","width":1920,"height":1080},{"@type":"BreadcrumbList","@id":"https:\/\/eovent.eology.de\/eosearchsummit\/presse#breadcrumb","itemListElement":[{"@type":"ListItem","position":1,"name":"Startseite","item":"https:\/\/eovent.eology.de\/eosearchsummit\/"},{"@type":"ListItem","position":2,"name":"Presse"}]},{"@type":"WebSite","@id":"https:\/\/eovent.eology.de\/eosearchsummit\/#website","url":"https:\/\/eovent.eology.de\/eosearchsummit\/","name":"Online Marketing Konferenz","description":"","publisher":{"@id":"https:\/\/eovent.eology.de\/eosearchsummit\/#organization"},"potentialAction":[{"@type":"SearchAction","target":{"@type":"EntryPoint","urlTemplate":"https:\/\/eovent.eology.de\/eosearchsummit\/?s={search_term_string}"},"query-input":{"@type":"PropertyValueSpecification","valueRequired":true,"valueName":"search_term_string"}}],"inLanguage":"de"},{"@type":"Organization","@id":"https:\/\/eovent.eology.de\/eosearchsummit\/#organization","name":"eosearchsummit","url":"https:\/\/eovent.eology.de\/eosearchsummit\/","logo":{"@type":"ImageObject","inLanguage":"de","@id":"https:\/\/eovent.eology.de\/eosearchsummit\/#\/schema\/logo\/image\/","url":"https:\/\/www.eosearchsummit.de\/wp-content\/uploads\/sites\/3\/2023\/09\/eosearchsummit-logo_auf-weiss_208x78.svg","contentUrl":"https:\/\/www.eosearchsummit.de\/wp-content\/uploads\/sites\/3\/2023\/09\/eosearchsummit-logo_auf-weiss_208x78.svg","width":1,"height":1,"caption":"eosearchsummit"},"image":{"@id":"https:\/\/eovent.eology.de\/eosearchsummit\/#\/schema\/logo\/image\/"},"sameAs":["https:\/\/www.facebook.com\/eology","https:\/\/www.instagram.com\/eology_gmbh"]}]}},"_links":{"self":[{"href":"https:\/\/eovent.eology.de\/eosearchsummit\/wp-json\/wp\/v2\/pages\/645","targetHints":{"allow":["GET"]}}],"collection":[{"href":"https:\/\/eovent.eology.de\/eosearchsummit\/wp-json\/wp\/v2\/pages"}],"about":[{"href":"https:\/\/eovent.eology.de\/eosearchsummit\/wp-json\/wp\/v2\/types\/page"}],"author":[{"embeddable":true,"href":"https:\/\/eovent.eology.de\/eosearchsummit\/wp-json\/wp\/v2\/users\/3"}],"replies":[{"embeddable":true,"href":"https:\/\/eovent.eology.de\/eosearchsummit\/wp-json\/wp\/v2\/comments?post=645"}],"version-history":[{"count":13,"href":"https:\/\/eovent.eology.de\/eosearchsummit\/wp-json\/wp\/v2\/pages\/645\/revisions"}],"predecessor-version":[{"id":1490,"href":"https:\/\/eovent.eology.de\/eosearchsummit\/wp-json\/wp\/v2\/pages\/645\/revisions\/1490"}],"wp:featuredmedia":[{"embeddable":true,"href":"https:\/\/eovent.eology.de\/eosearchsummit\/wp-json\/wp\/v2\/media\/699"}],"wp:attachment":[{"href":"https:\/\/eovent.eology.de\/eosearchsummit\/wp-json\/wp\/v2\/media?parent=645"}],"curies":[{"name":"wp","href":"https:\/\/api.w.org\/{rel}","templated":true}]}}